{"id":63,"date":"2021-03-23T18:21:47","date_gmt":"2021-03-23T17:21:47","guid":{"rendered":"https:\/\/www.cromology.it\/area-download\/register\/"},"modified":"2021-03-24T08:53:20","modified_gmt":"2021-03-24T07:53:20","slug":"register","status":"publish","type":"page","link":"https:\/\/www.cromology.it\/area-download\/register\/","title":{"rendered":"Register"},"content":{"rendered":"\r\n<div class=\"um um-register um-57\">\r\n\r\n\t<div class=\"um-form\" data-mode=\"register\">\r\n\r\n\t\t<form method=\"post\" action=\"\">\r\n\r\n\t\t\t<div class=\"um-row _um_row_1 \" style=\"margin: 0 0 30px 0;\"><div class=\"um-col-121\"><div  id=\"um_field_57_first_name\" class=\"um-field um-field-text  um-field-first_name um-field-text um-field-type_text\" data-key=\"first_name\"><div class=\"um-field-area\"><input  autocomplete=\"off\" class=\"um-form-field valid \" type=\"text\" name=\"first_name-57\" id=\"first_name-57\" value=\"\" placeholder=\"Nome*\" data-validate=\"\" data-key=\"first_name\" \/>\r\n\r\n\t\t\t\t\t\t<\/div><\/div><div  id=\"um_field_57_first_name_7\" class=\"um-field um-field-text  um-field-first_name_7 um-field-text um-field-type_text\" data-key=\"first_name_7\"><div class=\"um-field-area\"><input  autocomplete=\"off\" class=\"um-form-field valid not-required \" type=\"text\" name=\"first_name_7-57\" id=\"first_name_7-57\" value=\"\" placeholder=\"Comune\" data-validate=\"\" data-key=\"first_name_7\" \/>\r\n\r\n\t\t\t\t\t\t<\/div><\/div><div  id=\"um_field_57_ragione_sociale\" class=\"um-field um-field-text  um-field-ragione_sociale um-field-text um-field-type_text\" data-key=\"ragione_sociale\"><div class=\"um-field-area\"><input  autocomplete=\"off\" class=\"um-form-field valid not-required \" type=\"text\" name=\"ragione_sociale-57\" id=\"ragione_sociale-57\" value=\"\" placeholder=\"Ragione Sociale \" data-validate=\"\" data-key=\"ragione_sociale\" \/>\r\n\r\n\t\t\t\t\t\t<\/div><\/div><div  id=\"um_field_57_user_login\" class=\"um-field um-field-text  um-field-user_login um-field-text um-field-type_text\" data-key=\"user_login\"><div class=\"um-field-area\"><input  autocomplete=\"off\" class=\"um-form-field valid \" type=\"text\" name=\"user_login-57\" id=\"user_login-57\" value=\"\" placeholder=\"Nome utente*\" data-validate=\"unique_username\" data-key=\"user_login\" \/>\r\n\r\n\t\t\t\t\t\t<\/div><\/div><div  id=\"um_field_57_user_password\" class=\"um-field um-field-password  um-field-user_password um-field-password um-field-type_password\" data-key=\"user_password\"><div class=\"um-field-label\"><label for=\"user_password-57\">Password<span class=\"um-req\" title=\"Required\">*<\/span><\/label><div class=\"um-clear\"><\/div><\/div><div class=\"um-field-area\"><input class=\"um-form-field valid \" type=\"password\" name=\"user_password-57\" id=\"user_password-57\" value=\"\" placeholder=\"\" data-validate=\"\" data-key=\"user_password\" \/>\r\n\r\n\t\t\t\t\t\t<\/div><\/div><div  id=\"um_field_57_confirm_user_password\" class=\"um-field um-field-password  um-field-user_password um-field-password um-field-type_password\" data-key=\"confirm_user_password\"><div class=\"um-field-label\"><label for=\"confirm_user_password-57\">Confirm Password<span class=\"um-req\" title=\"Required\">*<\/span><\/label><div class=\"um-clear\"><\/div><\/div><div class=\"um-field-area\"><input class=\"um-form-field valid \" type=\"password\" name=\"confirm_user_password-57\" id=\"confirm_user_password-57\" value=\"\" placeholder=\"Confirm Password\" data-validate=\"\" data-key=\"confirm_user_password\" \/>\r\n\r\n\t\t\t\t\t\t\t\t<\/div><\/div><\/div><div class=\"um-col-122\"><div  id=\"um_field_57_last_name\" class=\"um-field um-field-text  um-field-last_name um-field-text um-field-type_text\" data-key=\"last_name\"><div class=\"um-field-area\"><input  autocomplete=\"off\" class=\"um-form-field valid \" type=\"text\" name=\"last_name-57\" id=\"last_name-57\" value=\"\" placeholder=\"Cognome*\" data-validate=\"\" data-key=\"last_name\" \/>\r\n\r\n\t\t\t\t\t\t<\/div><\/div><div  id=\"um_field_57_field_provincia\" class=\"um-field um-field-text  um-field-field_provincia um-field-text um-field-type_text\" data-key=\"field_provincia\"><div class=\"um-field-area\"><input  autocomplete=\"off\" class=\"um-form-field valid \" type=\"text\" name=\"field_provincia-57\" id=\"field_provincia-57\" value=\"\" placeholder=\"Provincia*\" data-validate=\"\" data-key=\"field_provincia\" \/>\r\n\r\n\t\t\t\t\t\t<\/div><\/div><div  id=\"um_field_57_professione\" class=\"um-field um-field-text  um-field-professione um-field-text um-field-type_text\" data-key=\"professione\"><div class=\"um-field-area\"><input  autocomplete=\"off\" class=\"um-form-field valid \" type=\"text\" name=\"professione-57\" id=\"professione-57\" value=\"\" placeholder=\"Professione * \" data-validate=\"\" data-key=\"professione\" \/>\r\n\r\n\t\t\t\t\t\t<\/div><\/div><div  id=\"um_field_57_user_email\" class=\"um-field um-field-text  um-field-user_email um-field-text um-field-type_text\" data-key=\"user_email\"><div class=\"um-field-area\"><input  autocomplete=\"off\" class=\"um-form-field valid \" type=\"text\" name=\"user_email-57\" id=\"user_email-57\" value=\"\" placeholder=\"E-mail*\" data-validate=\"unique_email\" data-key=\"user_email\" \/>\r\n\r\n\t\t\t\t\t\t<\/div><\/div><\/div><div class=\"um-clear\"><\/div><\/div>\r\n<!-- This file should primarily consist of HTML with a little bit of PHP. -->\r\n<div class=\"um-field um-field-type_terms_conditions\" data-key=\"use_terms_conditions_agreement\" style=\"display:block;padding:0;\">\r\n\t<div class=\"um-field-area\">\r\n\t\t<div class=\"um-gdpr-content\" style=\"display:none;\">\r\n\t\t\t<h2>INFORMATIVA PRIVACY POLICY e COOKIES CROMOLOGY ITALIA S.P.A.<\/h2>\n<p>&nbsp;<\/p>\n<h2>INFORMATIVA PER IL TRATTAMENTO DEI DATI PERSONALI<\/h2>\n<p>La presente informativa \u00e8 resa ai sensi dell\u2019art. 13 del Regolamento UE 679\/2016, Regolamento Europeo riguardo la Tutela dei dati personali e la libera circolazione dei medesimi (di seguito, solo \u201cRegolamento UE\u201d). La newsletter \u00e8 inviata attraverso la posta elettronica a coloro che ne fanno espressa richiesta,\u00a0 compilando il form presente in questa pagina ed autorizzando Cromology Italia S.p.A. al trattamento dei propri dati personali.<\/p>\n<p>&nbsp;<\/p>\n<h2>Finalit\u00e0 del Trattamento<\/h2>\n<p>I dati personali forniti dagli utenti sono utilizzati per l\u2019invio di newsletter.<\/p>\n<p>&nbsp;<\/p>\n<h2>Modalit\u00e0 per il trattamento dei dati<\/h2>\n<p>I dati raccolti sono trattati prevalentemente con strumenti informatici. Idonee misure di sicurezza sono osservate per prevenire la perdita dei dati, usi illeciti o non corretti ed accessi non autorizzati.<\/p>\n<p>&nbsp;<\/p>\n<h2>Natura facoltativa del conferimento dei dati<\/h2>\n<p>Il conferimento dei dati \u00e8 facoltativo. Il rifiuto a fornire i dati comporta l\u2019impossibilit\u00e0 di ottenere il servizio newsletter.<\/p>\n<p>&nbsp;<\/p>\n<h2>Il Titolare del trattamento<\/h2>\n<p>Il \u201cTitolare\u201d del trattamento dei dati personali \u00e8 Cromology Italia S.p.A. con sede legale in Porcari (LU), Via 4 Novembre, 4, 55016. I trattamenti connessi ai servizi web di questo sito hanno luogo prevalentemente presso la predetta sede operativa e sono svolti da persone incaricate al trattamento.<\/p>\n<p>&nbsp;<\/p>\n<h2>Responsabile del trattamento<\/h2>\n<p>In caso di necessit\u00e0, per attivit\u00e0 legate alla manutenzione della parte tecnologica del sito, i dati connessi al servizio newsletter possono essere trattati da soggetti incaricati alla manutenzione preventivamente nominati \u201cAmministratori di Sistema\u201d, in conformit\u00e0 con quanto previsto dal Provvedimento dell\u2019Autorit\u00e0 Garante Privacy del 27.11.2008 e dal Regolamento UE.<\/p>\n<p>&nbsp;<\/p>\n<h2>Diritti degli interessati<\/h2>\n<p>I soggetti cui si riferiscono i dati personali hanno diritto in qualsiasi momento di ottenere la conferma dell\u2019esistenza o meno dei medesimi dati e di conoscerne il contenuto e l\u2019origine, verificarne l\u2019esattezza o chiederne l\u2019integrazione o l\u2019aggiornamento, oppure la rettificazione, nonch\u00e9 di opporsi in ogni caso, per motivi legittimi, al loro trattamento, ai sensi di quanto previsto nel Capo III del Regolamento UE (avente ad oggetto nello specifico i \u201cDiritti dell\u2019interessato\u201d).<\/p>\n<p><strong>Le richieste vanno rivolte:<\/strong><\/p>\n<p>Via e-mail, all\u2019indirizzo:\u00a0GDPR@cromology.it<br \/>\nPer ulteriori approfondimenti, si rimanda anche alla privacy policy sul sito del Titolare.<\/p>\n<p>&nbsp;<\/p>\n<h2>Cancellazione del servizio.<\/h2>\n<p>Per non ricevere pi\u00f9 la newsletter, clicca su \u201cCancellati dalla Newsletter\u201d presente in fondo ad ogni e-mail che ricevi.<\/p>\n<p>&nbsp;<\/p>\n<hr \/>\n<h2><\/h2>\n<h2>COOKIES<\/h2>\n<p>&nbsp;<\/p>\n<h2>La nostra politica sui cookie<\/h2>\n<p>Come molti altri siti Web, www.cromology.it potrebbe archiviare o recuperare informazioni dal browser, soprattutto sotto forma di cookie. Tali informazioni possono riguardare l\u2019utente, le sue preferenze o il dispositivo di accesso a Internet (computer, tablet o cellulare) e vengono utilizzate principalmente per adeguare il funzionamento del sito alle aspettative dell\u2019utente, offrendo un\u2019esperienza di navigazione pi\u00f9 personalizzata e memorizzando le scelte effettuate in precedenza. Di seguito \u00e8 possibile saperne di pi\u00f9 sui vari modi in cui utilizziamo i cookie. Se lo si desidera, \u00e8 possibile impedire il salvataggio di alcuni o tutti i cookie. Tuttavia, in questo caso l\u2019utilizzo del sito e dei servizi offerti potrebbe risultarne compromesso.<\/p>\n<p>Di seguito si individuano le tipologie di cookie, utilizzate dal sito:<\/p>\n<p>&nbsp;<\/p>\n<h2>Cookie indispensabili<\/h2>\n<p>Questi cookie sono necessari al corretto funzionamento del sito. Consentono la navigazione delle pagine, la ricerca dei prodotti e di altri servizi.<br \/>\nSenza questi cookie non potremmo fornire i servizi per i quali gli utenti accedono al sito.<\/p>\n<p>&nbsp;<\/p>\n<h2>Cookie prestazionali<\/h2>\n<p>Questi cookie permettono di sapere in che modo i visitatori utilizzano il sito, per poterne cos\u00ec valutare e migliorare il funzionamento. Ad esempio, consentono di sapere quali sono le pagine pi\u00f9 e meno frequentate. Tengono conto, tra le altre cose, del numero di visitatori, del tempo trascorso sul sito dagli utenti e delle modalit\u00e0 di reperimento. In questo modo, possiamo sapere che cosa funziona bene e che cosa migliorare, oltre ad assicurarci che le pagine si carichino velocemente e siano visualizzate correttamente.<br \/>\nTutte le informazioni raccolte da questi cookie sono anonime e non collegate ai dati personali dell\u2019utente.<br \/>\nUtilizziamo i servizi di Google.<\/p>\n<p>&nbsp;<\/p>\n<h2>Rinuncia ai cookie<\/h2>\n<p>In caso di preoccupazioni sull\u2019utilizzo dei cookie, \u00e8 possibile intervenire e impedirne l\u2019impostazione, ad esempio modificando la configurazione del browser per bloccarne determinati tipi.<br \/>\nPer informazioni dettagliate sulla procedura necessaria \u00e8 possibile consultare la guida del browser. Per una panoramica dei browser pi\u00f9 comuni, visitare l\u2019indirizzo<\/p>\n<p>http:\/\/www.cookiepedia.co.uk\/index.php?title=How_to_Manage_Cookies<\/p>\n<p>oppure-http:\/\/www.aboutcookies.org\/<\/p>\n<p>&nbsp;<\/p>\n<p>I cookies impostati dal sito sono finalizzati per il loro funzionamento.<br \/>\nIl trattamento dei dati potr\u00e0 avvenire con strumenti informatici, cartacei, digitali, elettronici, magnetici. I dati raccolti saranno conservati e custoditi presso la sede della societ\u00e0 Cromology Italia S.p.A. in Porcari (LU), 55016, Via 4 Novembre, 4. I dati raccolti saranno trattati esclusivamente nell\u2019ambito delle finalit\u00e0 sopraddette e potranno essere comunicati a societ\u00e0 controllate, controllanti, affiliate o comunque collegate a Cromology Italia S.p.A., sia in Italia che all\u2019estero esclusivamente per la gestione dei benefit riservati ai propri clienti.<\/p>\n<p>Nel rispetto delle misure minime di sicurezza, i Suoi dati potranno altres\u00ec essere comunicati a soggetti di pubblica sicurezza e ad altri soggetti pubblici e privati per l\u2019adempimento di obblighi previsti dalla legge anche di natura fiscale, amministrativa, finanziaria e simili. In nessun caso i dati saranno diffusi.<\/p>\n<p>I Suoi dati personali saranno conservati per il periodo di tempo consentito in conformit\u00e0 al principio di proporzionalit\u00e0 e necessit\u00e0, ai sensi dell\u2019art. 5 del Regolamento EU 679\/2016.<\/p>\n<p>&nbsp;<\/p>\n<p>In ogni momento potr\u00e0 esercitare i Suoi diritti di accesso nei confronti del Titolare del trattamento, ai sensi dell\u2019articolo 15 del Regolamento UE 679\/2016, ossia potr\u00e0 ottenere la conferma dell\u2019esistenza dei Suoi dati personali e chiederne la loro comunicazione in forma intelligibile. Altres\u00ec, avr\u00e0 diritto di ottenere l\u2019aggiornamento, la rettificazione, l\u2019integrazione e la cancellazione dei dati o la limitazione del trattamento.<\/p>\n<p>Infine avr\u00e0 diritto di opporsi, in tutto o in parte, per motivi legittimi, al trattamento dei Suoi dati personali, ancorch\u00e9 pertinenti allo scopo della raccolta, nonch\u00e9 all\u2019invio di materiale pubblicitario o di vendita diretta o per il compimento di ricerche di mercato o di comunicazione commerciale, rivolgendosi al Titolare del trattamento, presso cui \u00e8 altres\u00ec disponibile, a richiesta, l\u2019elenco completo e aggiornato dei Responsabili del Trattamento.<\/p>\n<p>Avr\u00e0 inoltre il diritto di proporre reclamo all\u2019Autorit\u00e0 Garante della Privacy.<\/p>\n<p>Il Titolare del Trattamento \u00e8 Cromology Italia S.p.A. con sede in Porcari (LU), 55016, Via 4 Novembre, 4, e-mail: GDPR@cromology.it<\/p>\n<p>&nbsp;<\/p>\n<p>&nbsp;<\/p>\n\t\t<\/div>\r\n\r\n\t\t\r\n\t\t<a href=\"javascript:void(0);\" class=\"um-toggle-gdpr\" data-toggle-state=\"hidden\"\r\n\t\t   data-toggle-show=\"Vedi privacy policy\"\r\n\t\t   data-toggle-hide=\"Nascondi privacy policy\">\r\n\t\t\tVedi privacy policy\t\t<\/a>\r\n\t<\/div>\r\n\t<div class=\"um-field-area\">\r\n\r\n\t\t\r\n\t\t<label class=\"um-field-checkbox\">\r\n\t\t\t<input type=\"checkbox\" name=\"use_gdpr_agreement\" value=\"1\">\r\n\t\t\t<span class=\"um-field-checkbox-state\"><i class=\"um-icon-android-checkbox-outline-blank\"><\/i><\/span>\r\n\t\t\t<span class=\"um-field-checkbox-option\">Informativa, autorizzazione e consenso ai sensi dell&#039;art. 13 del Regolamento UE 679\/2016<\/span>\r\n\t\t<\/label>\r\n\t\t<div class=\"um-clear\"><\/div>\r\n\r\n\t\t\r\n\t\t<div class=\"um-clear\"><\/div>\r\n\t<\/div>\r\n<\/div>\t\t<input type=\"hidden\" name=\"form_id\" id=\"form_id_57\" value=\"57\" \/>\r\n\t\r\n\t<p class=\"um_request_name\">\r\n\t\t<label for=\"um_request_57\">Only fill in if you are not human<\/label>\r\n\t\t<input type=\"hidden\" name=\"um_request\" id=\"um_request_57\" class=\"input\" value=\"\" size=\"25\" autocomplete=\"off\" \/>\r\n\t<\/p>\r\n\r\n\t<input type=\"hidden\" id=\"_wpnonce\" name=\"_wpnonce\" value=\"c54f9a61fe\" \/><input type=\"hidden\" name=\"_wp_http_referer\" value=\"\/area-download\/wp-json\/wp\/v2\/pages\/63\" \/>\r\n<div class=\"um-field\">\r\n\t<div class=\"g-recaptcha\" id=\"um-57\"  data-type=\"image\"  data-size=\"normal\"  data-theme=\"light\"  data-sitekey=\"6Lci1IsaAAAAAGpOIscJnFTg6rtFHb6XH5POC75A\" ><\/div>\r\n<\/div>\r\n\r\n\r\n<script type=\"text\/javascript\">\r\n\t\r\n\t\tvar onloadCallback = function () {\r\n\t\t\tjQuery('.g-recaptcha').each( function (i) {\r\n\t\t\t\tgrecaptcha.render( jQuery(this).attr('id'), {\r\n\t\t\t\t\t'sitekey': jQuery(this).attr('data-sitekey'),\r\n\t\t\t\t\t'theme': jQuery(this).attr('data-theme')\r\n\t\t\t\t});\r\n\t\t\t});\r\n\t\t};\r\n\r\n\t\tfunction um_recaptcha_refresh() {\r\n\t\t\tjQuery('.g-recaptcha').html('');\r\n\t\t\tgrecaptcha.reset();\r\n\t\t\tonloadCallback();\r\n\t\t}\r\n\r\n\t<\/script>\r\n\t<div class=\"um-col-alt\">\r\n\r\n\t\t\r\n\t\t\t<div class=\"um-left um-half\">\r\n\t\t\t\t<input type=\"submit\" value=\"Registrati\" class=\"um-button\" id=\"um-submit-btn\" \/>\r\n\t\t\t<\/div>\r\n\t\t\t<div class=\"um-right um-half\">\r\n\t\t\t\t<a href=\"https:\/\/www.cromology.it\/area-download\/login\/\" class=\"um-button um-alt\">\r\n\t\t\t\t\tLogin\t\t\t\t<\/a>\r\n\t\t\t<\/div>\r\n\r\n\t\t\r\n\t\t<div class=\"um-clear\"><\/div>\r\n\r\n\t<\/div>\r\n\r\n\t\t\t\r\n\t\t<\/form>\r\n\r\n\t<\/div>\r\n\r\n<\/div><style type=\"text\/css\">\r\n.um-57.um {\r\n\tmax-width: 1200px;\r\n}<\/style>\r\n\n","protected":false},"excerpt":{"rendered":"Password* Confirm Password* INFORMATIVA PRIVACY POLICY e COOKIES CROMOLOGY ITALIA S.P.A. &nbsp; INFORMATIVA PER IL TRATTAMENTO DEI DATI PERSONALI La presente informativa \u00e8 resa ai sensi dell\u2019art. 13 del Regolamento UE 679\/2016, Regolamento Europeo riguardo la Tutela dei dati personali e la libera circolazione dei...","protected":false},"author":1,"featured_media":0,"parent":0,"menu_order":0,"comment_status":"closed","ping_status":"closed","template":"","meta":[],"_links":{"self":[{"href":"https:\/\/www.cromology.it\/area-download\/wp-json\/wp\/v2\/pages\/63"}],"collection":[{"href":"https:\/\/www.cromology.it\/area-download\/wp-json\/wp\/v2\/pages"}],"about":[{"href":"https:\/\/www.cromology.it\/area-download\/wp-json\/wp\/v2\/types\/page"}],"author":[{"embeddable":true,"href":"https:\/\/www.cromology.it\/area-download\/wp-json\/wp\/v2\/users\/1"}],"replies":[{"embeddable":true,"href":"https:\/\/www.cromology.it\/area-download\/wp-json\/wp\/v2\/comments?post=63"}],"version-history":[{"count":1,"href":"https:\/\/www.cromology.it\/area-download\/wp-json\/wp\/v2\/pages\/63\/revisions"}],"predecessor-version":[{"id":89,"href":"https:\/\/www.cromology.it\/area-download\/wp-json\/wp\/v2\/pages\/63\/revisions\/89"}],"wp:attachment":[{"href":"https:\/\/www.cromology.it\/area-download\/wp-json\/wp\/v2\/media?parent=63"}],"curies":[{"name":"wp","href":"https:\/\/api.w.org\/{rel}","templated":true}]}}